{"id":12855,"date":"2024-11-09T22:21:20","date_gmt":"2024-11-09T21:21:20","guid":{"rendered":"https:\/\/www.barc.sk\/farmacia\/apt\/hallu-motion\/"},"modified":"2024-11-22T16:16:54","modified_gmt":"2024-11-22T15:16:54","slug":"hallu-motion","status":"publish","type":"product","link":"https:\/\/www.barc.sk\/farmacia\/apt\/hallu-motion\/","title":{"rendered":"Hallu Motion"},"content":{"rendered":"\n<h2 class=\"wp-block-heading\">\u010co je Hallu Motion a ako funguje?<\/h2>\n\n\n\n<p>Hallu Motion je inovat\u00edvne <b>korek\u010dn\u00e9 zariadenie,<\/b> ktor\u00e9 si z\u00edskalo uznanie medzi \u013eu\u010fmi, ktor\u00ed bojuj\u00fa s hallux valgus. Jeho <b>fungovanie<\/b> je zalo\u017een\u00e9 na postupnom narovn\u00e1van\u00ed prstov, \u010do vedie k zn\u00ed\u017eeniu negat\u00edvnych \u00fa\u010dinkov deform\u00e1cie chodidla. V\u010faka pou\u017eitiu pohybliv\u00e9ho z\u00e1vesu, ktor\u00fd umo\u017e\u0148uje vo\u013en\u00fd pohyb prstov, doch\u00e1dza u pou\u017e\u00edvate\u013ea k v\u00fdrazn\u00e9mu zlep\u0161eniu zdravotn\u00e9ho stavu chodidla.<\/p>\n\n\n\n<p>Pravideln\u00e9 <b>pou\u017e\u00edvanie<\/b> Hallu Motion je k\u013e\u00fa\u010dom k dosiahnutiu uspokojiv\u00fdch v\u00fdsledkov. V\u00fdrobcovia tohto zariadenia odpor\u00fa\u010daj\u00fa, aby sa pou\u017e\u00edvalo ako prevent\u00edvne opatrenie aj po chirurgick\u00fdch z\u00e1krokoch. Pou\u017e\u00edvatelia poznamen\u00e1vaj\u00fa, \u017ee v\u010dasn\u00fd z\u00e1sah umo\u017e\u0148uje zastavi\u0165 rozvoj degenerat\u00edvnych zmien a m\u00f4\u017ee dokonca sp\u00f4sobi\u0165 ich zvr\u00e1tenie.<\/p>\n\n\n\n<p>Zariadenie Hallu Motion je ur\u010den\u00e9 pre dospel\u00fdch, hoci sa neodpor\u00fa\u010da pacientom s cukrovkou a kardiovaskul\u00e1rnymi ochoreniami. Pou\u017e\u00edvanie tohto zariadenia m\u00f4\u017ee pom\u00f4c\u0165 zn\u00ed\u017ei\u0165 probl\u00e9my spojen\u00e9 s deform\u00e1ciou chodidiel a niekedy eliminova\u0165 potrebu chirurgick\u00e9ho z\u00e1kroku. Osoby pou\u017e\u00edvaj\u00face Hallu Motion zaznamen\u00e1vaj\u00fa menej bolesti a v\u00fdrazn\u00e9 zlep\u0161enie pohyblivosti, \u010do im umo\u017e\u0148uje vies\u0165 akt\u00edvnej\u0161\u00ed \u017eivotn\u00fd \u0161t\u00fdl.<\/p>\n\n\n\n<figure class=\"wp-block-table\"><table class=\"has-fixed-layout\"><tbody><tr><th>Korek\u010dn\u00e1 ort\u00e9za<\/th><th>Oper\u00e1cia<\/th><th>Odpor\u00fa\u010dania<\/th><\/tr><tr><td>Hallu Motion<\/td><td>Postupn\u00e9 narovn\u00e1vanie prstov, zlep\u0161enie zdravia chodidla<\/td><td>Odpor\u00fa\u010da sa ako prevent\u00edvne opatrenie aj po oper\u00e1ci\u00e1ch<\/td><\/tr><\/tbody><\/table><\/figure>\n\n\n\n<h2 class=\"wp-block-heading\">Hallu Motion &#8211; \u00fa\u010dinky aplik\u00e1cie<\/h2>\n\n\n\n<p>Pravideln\u00e9 pou\u017e\u00edvanie korek\u010dnej pom\u00f4cky Hallu Motion m\u00e1 po\u010detn\u00e9 <em>aplika\u010dn\u00e9 \u00fa\u010dinky,<\/em> ktor\u00e9 maj\u00fa pozit\u00edvny vplyv na <b>zdravie chodidla<\/b>. Pou\u017e\u00edvatelia uv\u00e1dzaj\u00fa <em>\u00fa\u010dinnos\u0165<\/em> met\u00f3dy, pri\u010dom poukazuj\u00fa na zn\u00ed\u017eenie deform\u00e1cie prstov a \u00fa\u013eavu od bolesti, \u010do je pre akt\u00edvnych \u013eud\u00ed ve\u013emi d\u00f4le\u017eit\u00e9. Tento typ <b>korekcie hallux valgus<\/b> prispieva nielen k zdrav\u0161\u00edm chodidl\u00e1m, ale zlep\u0161uje aj celkov\u00fd <b>komfort<\/b> ch\u00f4dze.<\/p>\n\n\n\n<p>Po\u010das prv\u00fdch t\u00fd\u017ed\u0148ov pou\u017e\u00edvania si mnoh\u00ed \u013eudia v\u0161imn\u00fa v\u00fdrazn\u00e9 zlep\u0161enie flexibility k\u013abov a regener\u00e1cie tkan\u00edv. \u00dadaje ukazuj\u00fa, \u017ee stovky \u017eien sa zbavia svojich \u0165a\u017ekost\u00ed s hallux valgus u\u017e za jeden mesiac. Tak\u00e1to r\u00fdchla reakcia tela na terapiu ukazuje, ak\u00e1 d\u00f4le\u017eit\u00e1 je <em>\u00fa\u010dinnos\u0165<\/em> zariadenia pri ka\u017edodennom pou\u017e\u00edvan\u00ed.<\/p>\n\n\n\n<p>\u013dudia pou\u017e\u00edvaj\u00faci Hallu Motion oce\u0148uj\u00fa r\u00fdchle <b>v\u00fdsledky,<\/b> ktor\u00e9 rozhodne zlep\u0161uj\u00fa kvalitu \u017eivota. Spr\u00e1vne <b>fungovanie<\/b> pr\u00edstroja vyu\u017e\u00edva jedine\u010dn\u00fd syst\u00e9m, ktor\u00fd podporuje <em>korekciu hallux<\/em> valgus a v\u00fdrazne zni\u017euje z\u00e1pal. Okrem toho pacienti poukazuj\u00fa na to, \u017ee poci\u0165uj\u00fa <em>zdrav\u00e9 nohy<\/em> a zlep\u0161enie ich estetiky, \u010do prispieva k lep\u0161iemu pocitu pohody pri ka\u017edodennom fungovan\u00ed.<\/p>\n\n\n\n<p>Je potrebn\u00e9 doda\u0165, \u017ee pou\u017e\u00edvanie Hallu Motion si vy\u017eaduje pravidelnos\u0165 a trpezlivos\u0165. Zmeny m\u00f4\u017eu by\u0165 vidite\u013en\u00e9 a\u017e po \u010dase, v\u00fdsledky s\u00fa v\u0161ak pre v\u00e4\u010d\u0161inu pou\u017e\u00edvate\u013eov uspokojiv\u00e9, \u010do zd\u00f4raz\u0148uj\u00fa vo svojich sp\u00e4tn\u00fdch v\u00e4zb\u00e1ch.<\/p>\n\n\n\n<h2 class=\"wp-block-heading\">Ako pou\u017e\u00edva\u0165 Hallu Motion? &#8211; D\u00e1vkovanie<\/h2>\n\n\n\n<p>Na dosiahnutie najlep\u0161\u00edch <b>v\u00fdsledkov pri pou\u017e\u00edvan\u00ed<\/b> Hallu Motion sa odpor\u00fa\u010da <b>pou\u017e\u00edva\u0165<\/b> ho aspo\u0148 6-8 hod\u00edn denne. Pou\u017e\u00edvatelia by sa mali sna\u017ei\u0165 nosi\u0165 ort\u00e9zu po\u010das celodenn\u00fdch aktiv\u00edt, aby maximalizovali jej \u00fa\u010dinky. K\u013e\u00fa\u010dom k \u00faspechu je nezvy\u0161ova\u0165 d\u00e1vkovanie, ak zabudnete nosi\u0165 ort\u00e9zu. Namiesto toho sa vr\u00e1\u0165te k pravideln\u00e9mu pou\u017e\u00edvaniu pod\u013ea predpisu.<\/p>\n\n\n\n<p>Vedenie zdrav\u00e9ho \u017eivotn\u00e9ho \u0161t\u00fdlu, kombin\u00e1cia <b>pou\u017e\u00edvania<\/b> ort\u00e9zy s fyzickou aktivitou a vyv\u00e1\u017eenou stravou, v\u00fdrazne podporuje proces rehabilit\u00e1cie chodidla. Systematick\u00e9 pou\u017e\u00edvanie Hallu Motion umo\u017e\u0148uje r\u00fdchlej\u0161ie dosiahnu\u0165 po\u017eadovan\u00e9 \u00fa\u010dinky. U\u017e po\u010das prv\u00fdch 24 hod\u00edn pou\u017e\u00edvania mo\u017eno poc\u00edti\u0165 zn\u00ed\u017eenie bolesti chodidiel a v\u00e4\u010d\u0161ina pou\u017e\u00edvate\u013eov zaznamen\u00e1 v\u00fdrazn\u00e9 zlep\u0161enie po 30 d\u0148och pravideln\u00e9ho pou\u017e\u00edvania.<\/p>\n\n\n\n<p>V\u00fdrobca odpor\u00fa\u010da, aby pou\u017e\u00edvatelia na za\u010diatku vysk\u00fa\u0161ali ort\u00e9zu na krat\u0161iu dobu a potom postupne predl\u017eovali dobu nosenia. Je d\u00f4le\u017eit\u00e9 nastavi\u0165 napnutie popruhov, aby sa zabezpe\u010dilo maxim\u00e1lne <b>pohodlie<\/b> po\u010das nosenia. Medzi <b>\u00fa\u010dinky pou\u017e\u00edvania<\/b> Hallu Motion patr\u00ed nielen zn\u00ed\u017eenie bolesti, ale aj posilnenie svalov chodidla, \u010do zni\u017euje riziko recid\u00edvy. Spr\u00e1vne pou\u017e\u00edvanie pom\u00f4cky je k\u013e\u00fa\u010dom k r\u00fdchlej a \u00fa\u010dinnej rehabilit\u00e1cii chodidla.<\/p>\n\n\n\n<h2 class=\"wp-block-heading\">Hallu Motion &#8211; Recenzie pou\u017e\u00edvate\u013eov, f\u00f3rum &#8211; \u010co hovoria pou\u017e\u00edvatelia?<\/h2>\n\n\n\n<p><b>N\u00e1zory pou\u017e\u00edvate\u013eov na<\/b> Hallu Motion s\u00fa preva\u017ene pozit\u00edvne. \u013dudia, ktor\u00ed t\u00fato ort\u00e9zu pou\u017e\u00edvaj\u00fa, sa delia o svoje <em>sk\u00fasenosti<\/em> na r\u00f4znych internetov\u00fdch f\u00f3rach, kde mnoh\u00ed poukazuj\u00fa na jej <em>\u00fa\u010dinnos\u0165<\/em>.<\/p>\n\n\n\n<blockquote class=\"wp-block-quote is-layout-flow wp-block-quote-is-layout-flow\">\n<p><strong>Bo\u017cena:<\/strong> &#8222;V\u00e4\u010d\u0161ina sp\u00f4sobov lie\u010dby hallux valgus zo m\u0148a vys\u00e1vala energiu a neprin\u00e1\u0161ala o\u010dak\u00e1van\u00e9 v\u00fdsledky. Hallu Motion sa naopak uk\u00e1zal ako \u00fa\u010dinn\u00fd a moje prsty na noh\u00e1ch z\u00edskali op\u00e4\u0165 svoju rovn\u00fa podobu. V\u010faka tomuto objavu sa v\u00fdrazne zlep\u0161ila kvalita m\u00f4jho \u017eivota.&#8220;<\/p>\n<\/blockquote>\n\n\n\n<blockquote class=\"wp-block-quote is-layout-flow wp-block-quote-is-layout-flow\">\n<p><strong>Marta:<\/strong> &#8222;Po nosen\u00ed ort\u00e9zy m\u00f4\u017eem op\u00e4\u0165 nosi\u0165 vysok\u00e9 podp\u00e4tky, ktor\u00e9 mi predt\u00fdm robili probl\u00e9m. Hallu Motion je skuto\u010dnou revol\u00faciou v mojom \u017eivote! Po nieko\u013ek\u00fdch d\u0148och pou\u017e\u00edvania som poc\u00edtila \u00fa\u013eavu a u\u017e sa neviem do\u010dka\u0165, kedy sa uk\u00e1\u017eem vo svojich ob\u013e\u00faben\u00fdch top\u00e1nkach.&#8220;<\/p>\n<\/blockquote>\n\n\n\n<blockquote class=\"wp-block-quote is-layout-flow wp-block-quote-is-layout-flow\">\n<p><strong>Barbara:<\/strong> &#8222;Stabilita a <b>komfort<\/b> pri jeho pou\u017e\u00edvan\u00ed s\u00fa vynikaj\u00face a <b>\u00fa\u010dinky<\/b> s\u00fa prakticky okam\u017eit\u00e9. Obzvl\u00e1\u0161\u0165 d\u00f4le\u017eit\u00e9 je, \u017ee nesp\u00f4sobuje podr\u00e1\u017edenie. V\u010faka Hallu Motion sa m\u00f4\u017eem op\u00e4\u0165 akt\u00edvne z\u00fa\u010dast\u0148ova\u0165 na spolo\u010denskom \u017eivote bez ob\u00e1v z bolesti.&#8220;<\/p>\n<\/blockquote>\n\n\n\n<p>Mnoh\u00ed pou\u017e\u00edvatelia zd\u00f4raz\u0148uj\u00fa, ak\u00e9 d\u00f4le\u017eit\u00e9 sa stalo pou\u017e\u00edvanie ort\u00e9zy pre ich ka\u017edodenn\u00e9 fungovanie. Na f\u00f3rach mo\u017eno vidie\u0165 mno\u017estvo vl\u00e1kien, v ktor\u00fdch sa diskutuje o <em>\u00fa\u010dinnosti<\/em> a kvalite Hallu Motion, \u010do potvrdzuje z\u00e1ujem a pozit\u00edvne prijatie tohto v\u00fdrobku medzi \u013eu\u010fmi s probl\u00e9mami hallux valgus.<\/p>\n\n\n\n<h2 class=\"wp-block-heading\">Zlo\u017eenie Hallu Motion &#8211; \u010do obsahuje?<\/h2>\n\n\n\n<p>Hallu Motion sa sklad\u00e1 z presne vybran\u00fdch \u00fa\u010dinn\u00fdch l\u00e1tok, ktor\u00e9 svoj\u00edm \u00fa\u010dinn\u00fdm <b>p\u00f4soben\u00edm<\/b> podporuj\u00fa <b>zdravie n\u00f4h<\/b>. Pou\u017eitie vysokokvalitn\u00fdch materi\u00e1lov m\u00e1 vplyv na zlep\u0161enie komfortu pri nosen\u00ed a z\u00e1rove\u0148 poskytuje protiz\u00e1palov\u00e9 a regenera\u010dn\u00e9 \u00fa\u010dinky.<\/p>\n\n\n\n<ul class=\"wp-block-list\">\n<li><em>\u0160pecializovan\u00fd ortopedick\u00fd plast<\/em> &#8211; vykazuje pru\u017enos\u0165 a odolnos\u0165 pri dlhodobom pou\u017e\u00edvan\u00ed a \u00fa\u010dinne podporuje proces vyrovn\u00e1vania chodidla.<\/li>\n\n\n\n<li><em>Podporn\u00e9 prvky<\/em> &#8211; p\u00f4sobia synergicky, \u010d\u00edm zvy\u0161uj\u00fa <b>\u00fa\u010dinnos\u0165<\/b> nielen pri korekcii, ale aj pri rehabilit\u00e1cii po pr\u00edpadn\u00fdch \u00farazoch a deform\u00e1ci\u00e1ch chodidla.<\/li>\n<\/ul>\n\n\n\n<p>Pou\u017e\u00edvanie syst\u00e9mu Hallu Motion m\u00f4\u017ee v\u00fdrazne zlep\u0161i\u0165 zdravotn\u00fd stav chodidla. V\u010faka jeho jedine\u010dn\u00e9mu zlo\u017eeniu pou\u017e\u00edvatelia zaznamen\u00e1vaj\u00fa nielen predch\u00e1dzanie v\u00e1\u017enym probl\u00e9mom, ale aj jednozna\u010dn\u00fa podporu v procese hojenia hallux valgus.<\/p>\n\n\n\n<p>Pravideln\u00e9 pou\u017e\u00edvanie tejto inovat\u00edvnej pom\u00f4cky prispieva nielen k pohodlnej\u0161iemu \u017eivotu, ale umo\u017e\u0148uje aj dlhodob\u00e9 \u00faspory, pokia\u013e ide o pr\u00edpadn\u00fa lie\u010dbu a oper\u00e1cie. V\u010faka Hallu Motion je mo\u017en\u00e9 vidie\u0165 vidite\u013en\u00fd rozdiel v zdrav\u00ed chodidiel, \u010do bude ma\u0165 ur\u010dite pozit\u00edvny vplyv na ka\u017edodenn\u00e9 aktivity pou\u017e\u00edvate\u013eov.<\/p>\n\n\n\n<h2 class=\"wp-block-heading\">Kde k\u00fapi\u0165 a ko\u013eko stoj\u00ed Hallu Motion &#8211; cena<\/h2>\n\n\n\n<p>Hallu Motion je k dispoz\u00edcii v\u00fdhradne na ofici\u00e1lnej <em>webovej str\u00e1nke v\u00fdrobcu<\/em>. Nakupovanie tam pon\u00faka najv\u00fdhodnej\u0161ie <em>akcie,<\/em> \u010do je rozhoduj\u00face pre \u00faspory. Jedine\u010dnos\u0165 tohto v\u00fdrobku pod\u010diarkuje skuto\u010dnos\u0165, \u017ee ho nemo\u017eno n\u00e1js\u0165 v stacion\u00e1rnych lek\u00e1r\u0148ach ani v in\u00fdch predajniach. Pravideln\u00e9 sledovanie <em>ofici\u00e1lnej webovej str\u00e1nky v\u00fdrobcu<\/em> v\u00e1m pom\u00f4\u017ee ma\u0165 preh\u013ead o atrakt\u00edvnych ponuk\u00e1ch a z\u013eav\u00e1ch.<\/p>\n\n\n\n<p>Vedeli ste, \u017ee viac ako 80 % \u013eud\u00ed uv\u00e1dza, \u017ee ich hallux valgus zmizol u\u017e do 30 dn\u00ed pravideln\u00e9ho pou\u017e\u00edvania dlahy Hallu Motion? To potvrdzuje <b>\u00fa\u010dinnos\u0165<\/b> tohto v\u00fdrobku, ktor\u00fd z\u00e1kazn\u00edkov l\u00e1ka svojimi nespo\u010detn\u00fdmi v\u00fdhodami. Ceny spojen\u00e9 s Hallu Motion sa l\u00ed\u0161ia a m\u00f4\u017eu sa meni\u0165 v z\u00e1vislosti od aktu\u00e1lnych <em>akci\u00ed<\/em>. Z tohto d\u00f4vodu je najlep\u0161\u00edm miestom na n\u00e1kup <em>ofici\u00e1lna webov\u00e1 str\u00e1nka v\u00fdrobcu<\/em>.<\/p>\n\n\n\n<p>Aktu\u00e1lne <em>propaga\u010dn\u00e9 akcie<\/em> a ceny mo\u017eno n\u00e1js\u0165 len na ofici\u00e1lnej <em>webovej str\u00e1nke v\u00fdrobcu<\/em>, \u010do je ide\u00e1lne miesto na n\u00e1kup. T\u00fdmto sp\u00f4sobom m\u00f4\u017eete nielen z\u00edska\u0165 v\u00fdrobok za atrakt\u00edvnu cenu, ale tie\u017e si m\u00f4\u017eete by\u0165 ist\u00ed, \u017ee si vyber\u00e1te p\u00f4vodn\u00fa verziu Hallu Motion ort\u00e9zy.<\/p>\n\n\n\n<h2 class=\"wp-block-heading\">Mo\u017en\u00e9 ved\u013eaj\u0161ie \u00fa\u010dinky a kontraindik\u00e1cie Hallu Motion<\/h2>\n\n\n\n<p>Hallu Motion, ako ka\u017ed\u00e1 ortopedick\u00e1 ort\u00e9za, m\u00f4\u017ee by\u0165 spojen\u00e1 s niektor\u00fdmi <strong>ved\u013eaj\u0161\u00edmi \u00fa\u010dinkami<\/strong>. Niektor\u00ed \u013eudia uv\u00e1dzaj\u00fa alergick\u00e9 reakcie na materi\u00e1ly pou\u017eit\u00e9 vo v\u00fdrobku, ktor\u00e9 m\u00f4\u017eu vies\u0165 k podr\u00e1\u017edeniu poko\u017eky. Okrem toho m\u00f4\u017eu pou\u017e\u00edvatelia pri prvom nosen\u00ed poci\u0165ova\u0165 men\u0161ie nepohodlie, ktor\u00e9 zvy\u010dajne po kr\u00e1tkom \u010dase ust\u00fapi. Je v\u0161ak potrebn\u00e9 ma\u0165 na pam\u00e4ti, \u017ee tak\u00e9to pr\u00edznaky s\u00fa \u010dasto kr\u00e1tkodob\u00e9 a prechodn\u00e9.<\/p>\n\n\n\n<p>Pred <strong>pou\u017eit\u00edm<\/strong> Hallu Motion sa odpor\u00fa\u010da poradi\u0165 sa s lek\u00e1rom, najm\u00e4 u \u013eud\u00ed trpiacich in\u00fdmi ochoreniami n\u00f4h, ako je cukrovka alebo z\u00e1va\u017en\u00e9 deformity. Medzi <strong>kontraindik\u00e1cie<\/strong> patria aj \u013eudia lie\u010den\u00ed liekmi, ktor\u00ed m\u00f4\u017eu by\u0165 n\u00e1chylnej\u0161\u00ed na neo\u010dak\u00e1van\u00e9 reakcie. Odborn\u00edk pom\u00f4\u017ee pos\u00fadi\u0165, \u010di je pre dan\u00fa osobu bezpe\u010dn\u00e9 zariadenie pou\u017e\u00edva\u0165.<\/p>\n\n\n\n<p><b>Bezpe\u010dnos\u0165<\/b> pou\u017e\u00edvania pom\u00f4cky Hallu Motion mo\u017eno zv\u00fd\u0161i\u0165 d\u00f4sledn\u00fdm dodr\u017eiavan\u00edm odpor\u00fa\u010dan\u00ed, kedy a ako ju nosi\u0165. Opatrnos\u0165 po\u010das pou\u017e\u00edvania a sledovanie stavu n\u00f4h s\u00fa k\u013e\u00fa\u010dom k minimaliz\u00e1cii rizika <strong>ved\u013eaj\u0161\u00edch \u00fa\u010dinkov<\/strong> a k maxim\u00e1lnej \u00fa\u010dinnosti ort\u00e9zy.<\/p>\n","protected":false},"excerpt":{"rendered":"<p><strong>[date_countdown]<\/strong><\/p>\n<p><img decoding=\"async\" class=\"alignnone wp-image-13063\" src=\"https:\/\/www.barc.sk\/farmacia\/wp-content\/uploads\/2024\/11\/SAFE-PAY-300x88-1.png\" alt=\"SAFE-PAY-300x88\" width=\"232\" height=\"68\" \/><\/p>\n","protected":false},"featured_media":12383,"comment_status":"open","ping_status":"closed","template":"","meta":{"neve_meta_sidebar":"","neve_meta_container":"","neve_meta_enable_content_width":"","neve_meta_content_width":0,"neve_meta_title_alignment":"","neve_meta_author_avatar":"","neve_post_elements_order":"","neve_meta_disable_header":"","neve_meta_disable_footer":"","neve_meta_disable_title":"","neve_meta_reading_time":""},"product_brand":[],"product_cat":[577],"product_tag":[],"class_list":{"0":"post-12855","1":"product","2":"type-product","3":"status-publish","4":"has-post-thumbnail","6":"product_cat-zdravie","8":"first","9":"instock","10":"sale","11":"shipping-taxable","12":"product-type-external"},"yoast_head":"<!-- This site is optimized with the Yoast SEO plugin v27.4 - https:\/\/yoast.com\/product\/yoast-seo-wordpress\/ -->\n<title>Hallu Motion - Recenzie, F\u00f3rum, Lek\u00e1re\u0148, Cena, \u00da\u010dinky | -50%<\/title>\n<meta name=\"robots\" content=\"index, follow, max-snippet:-1, max-image-preview:large, max-video-preview:-1\" \/>\n<link rel=\"canonical\" href=\"https:\/\/www.barc.sk\/farmacia\/apt\/hallu-motion\/\" \/>\n<meta property=\"og:locale\" content=\"sk_SK\" \/>\n<meta property=\"og:type\" content=\"article\" \/>\n<meta property=\"og:title\" content=\"Hallu Motion - Recenzie, F\u00f3rum, Lek\u00e1re\u0148, Cena, \u00da\u010dinky | -50%\" \/>\n<meta property=\"og:url\" content=\"https:\/\/www.barc.sk\/farmacia\/apt\/hallu-motion\/\" \/>\n<meta property=\"og:site_name\" content=\"Barc\" \/>\n<meta property=\"article:modified_time\" content=\"2024-11-22T15:16:54+00:00\" \/>\n<meta property=\"og:image\" content=\"https:\/\/www.barc.sk\/farmacia\/wp-content\/uploads\/2024\/11\/Hallu-Motion.jpg\" \/>\n\t<meta property=\"og:image:width\" content=\"768\" \/>\n\t<meta property=\"og:image:height\" content=\"768\" \/>\n\t<meta property=\"og:image:type\" content=\"image\/jpeg\" \/>\n<meta name=\"twitter:card\" content=\"summary_large_image\" \/>\n<meta name=\"twitter:description\" content=\"[date_countdown]\" \/>\n<meta name=\"twitter:label1\" content=\"Predpokladan\u00fd \u010das \u010d\u00edtania\" \/>\n\t<meta name=\"twitter:data1\" content=\"6 min\u00fat\" \/>\n<script type=\"application\/ld+json\" class=\"yoast-schema-graph\">{\"@context\":\"https:\\\/\\\/schema.org\",\"@graph\":[{\"@type\":\"WebPage\",\"@id\":\"https:\\\/\\\/www.barc.sk\\\/farmacia\\\/apt\\\/hallu-motion\\\/\",\"url\":\"https:\\\/\\\/www.barc.sk\\\/farmacia\\\/apt\\\/hallu-motion\\\/\",\"name\":\"Hallu Motion - Recenzie, F\u00f3rum, Lek\u00e1re\u0148, Cena, \u00da\u010dinky | -50%\",\"isPartOf\":{\"@id\":\"https:\\\/\\\/www.barc.sk\\\/farmacia\\\/#website\"},\"primaryImageOfPage\":{\"@id\":\"https:\\\/\\\/www.barc.sk\\\/farmacia\\\/apt\\\/hallu-motion\\\/#primaryimage\"},\"image\":{\"@id\":\"https:\\\/\\\/www.barc.sk\\\/farmacia\\\/apt\\\/hallu-motion\\\/#primaryimage\"},\"thumbnailUrl\":\"https:\\\/\\\/www.barc.sk\\\/farmacia\\\/wp-content\\\/uploads\\\/2024\\\/11\\\/Hallu-Motion.jpg\",\"datePublished\":\"2024-11-09T21:21:20+00:00\",\"dateModified\":\"2024-11-22T15:16:54+00:00\",\"breadcrumb\":{\"@id\":\"https:\\\/\\\/www.barc.sk\\\/farmacia\\\/apt\\\/hallu-motion\\\/#breadcrumb\"},\"inLanguage\":\"sk-SK\",\"potentialAction\":[{\"@type\":\"ReadAction\",\"target\":[\"https:\\\/\\\/www.barc.sk\\\/farmacia\\\/apt\\\/hallu-motion\\\/\"]}]},{\"@type\":\"ImageObject\",\"inLanguage\":\"sk-SK\",\"@id\":\"https:\\\/\\\/www.barc.sk\\\/farmacia\\\/apt\\\/hallu-motion\\\/#primaryimage\",\"url\":\"https:\\\/\\\/www.barc.sk\\\/farmacia\\\/wp-content\\\/uploads\\\/2024\\\/11\\\/Hallu-Motion.jpg\",\"contentUrl\":\"https:\\\/\\\/www.barc.sk\\\/farmacia\\\/wp-content\\\/uploads\\\/2024\\\/11\\\/Hallu-Motion.jpg\",\"width\":768,\"height\":768},{\"@type\":\"BreadcrumbList\",\"@id\":\"https:\\\/\\\/www.barc.sk\\\/farmacia\\\/apt\\\/hallu-motion\\\/#breadcrumb\",\"itemListElement\":[{\"@type\":\"ListItem\",\"position\":1,\"name\":\"Strona g\u0142\u00f3wna\",\"item\":\"https:\\\/\\\/www.barc.sk\\\/farmacia\\\/\"},{\"@type\":\"ListItem\",\"position\":2,\"name\":\"Produkte\",\"item\":\"https:\\\/\\\/www.barc.sk\\\/farmacia\\\/\"},{\"@type\":\"ListItem\",\"position\":3,\"name\":\"Hallu Motion\"}]},{\"@type\":\"WebSite\",\"@id\":\"https:\\\/\\\/www.barc.sk\\\/farmacia\\\/#website\",\"url\":\"https:\\\/\\\/www.barc.sk\\\/farmacia\\\/\",\"name\":\"Barc\",\"description\":\"\",\"potentialAction\":[{\"@type\":\"SearchAction\",\"target\":{\"@type\":\"EntryPoint\",\"urlTemplate\":\"https:\\\/\\\/www.barc.sk\\\/farmacia\\\/?s={search_term_string}\"},\"query-input\":{\"@type\":\"PropertyValueSpecification\",\"valueRequired\":true,\"valueName\":\"search_term_string\"}}],\"inLanguage\":\"sk-SK\"}]}<\/script>\n<!-- \/ Yoast SEO plugin. -->","yoast_head_json":{"title":"Hallu Motion - Recenzie, F\u00f3rum, Lek\u00e1re\u0148, Cena, \u00da\u010dinky | -50%","robots":{"index":"index","follow":"follow","max-snippet":"max-snippet:-1","max-image-preview":"max-image-preview:large","max-video-preview":"max-video-preview:-1"},"canonical":"https:\/\/www.barc.sk\/farmacia\/apt\/hallu-motion\/","og_locale":"sk_SK","og_type":"article","og_title":"Hallu Motion - Recenzie, F\u00f3rum, Lek\u00e1re\u0148, Cena, \u00da\u010dinky | -50%","og_url":"https:\/\/www.barc.sk\/farmacia\/apt\/hallu-motion\/","og_site_name":"Barc","article_modified_time":"2024-11-22T15:16:54+00:00","og_image":[{"width":768,"height":768,"url":"https:\/\/www.barc.sk\/farmacia\/wp-content\/uploads\/2024\/11\/Hallu-Motion.jpg","type":"image\/jpeg"}],"twitter_card":"summary_large_image","twitter_description":"[date_countdown]","twitter_misc":{"Predpokladan\u00fd \u010das \u010d\u00edtania":"6 min\u00fat"},"schema":{"@context":"https:\/\/schema.org","@graph":[{"@type":"WebPage","@id":"https:\/\/www.barc.sk\/farmacia\/apt\/hallu-motion\/","url":"https:\/\/www.barc.sk\/farmacia\/apt\/hallu-motion\/","name":"Hallu Motion - Recenzie, F\u00f3rum, Lek\u00e1re\u0148, Cena, \u00da\u010dinky | -50%","isPartOf":{"@id":"https:\/\/www.barc.sk\/farmacia\/#website"},"primaryImageOfPage":{"@id":"https:\/\/www.barc.sk\/farmacia\/apt\/hallu-motion\/#primaryimage"},"image":{"@id":"https:\/\/www.barc.sk\/farmacia\/apt\/hallu-motion\/#primaryimage"},"thumbnailUrl":"https:\/\/www.barc.sk\/farmacia\/wp-content\/uploads\/2024\/11\/Hallu-Motion.jpg","datePublished":"2024-11-09T21:21:20+00:00","dateModified":"2024-11-22T15:16:54+00:00","breadcrumb":{"@id":"https:\/\/www.barc.sk\/farmacia\/apt\/hallu-motion\/#breadcrumb"},"inLanguage":"sk-SK","potentialAction":[{"@type":"ReadAction","target":["https:\/\/www.barc.sk\/farmacia\/apt\/hallu-motion\/"]}]},{"@type":"ImageObject","inLanguage":"sk-SK","@id":"https:\/\/www.barc.sk\/farmacia\/apt\/hallu-motion\/#primaryimage","url":"https:\/\/www.barc.sk\/farmacia\/wp-content\/uploads\/2024\/11\/Hallu-Motion.jpg","contentUrl":"https:\/\/www.barc.sk\/farmacia\/wp-content\/uploads\/2024\/11\/Hallu-Motion.jpg","width":768,"height":768},{"@type":"BreadcrumbList","@id":"https:\/\/www.barc.sk\/farmacia\/apt\/hallu-motion\/#breadcrumb","itemListElement":[{"@type":"ListItem","position":1,"name":"Strona g\u0142\u00f3wna","item":"https:\/\/www.barc.sk\/farmacia\/"},{"@type":"ListItem","position":2,"name":"Produkte","item":"https:\/\/www.barc.sk\/farmacia\/"},{"@type":"ListItem","position":3,"name":"Hallu Motion"}]},{"@type":"WebSite","@id":"https:\/\/www.barc.sk\/farmacia\/#website","url":"https:\/\/www.barc.sk\/farmacia\/","name":"Barc","description":"","potentialAction":[{"@type":"SearchAction","target":{"@type":"EntryPoint","urlTemplate":"https:\/\/www.barc.sk\/farmacia\/?s={search_term_string}"},"query-input":{"@type":"PropertyValueSpecification","valueRequired":true,"valueName":"search_term_string"}}],"inLanguage":"sk-SK"}]}},"_links":{"self":[{"href":"https:\/\/www.barc.sk\/farmacia\/wp-json\/wp\/v2\/product\/12855","targetHints":{"allow":["GET"]}}],"collection":[{"href":"https:\/\/www.barc.sk\/farmacia\/wp-json\/wp\/v2\/product"}],"about":[{"href":"https:\/\/www.barc.sk\/farmacia\/wp-json\/wp\/v2\/types\/product"}],"replies":[{"embeddable":true,"href":"https:\/\/www.barc.sk\/farmacia\/wp-json\/wp\/v2\/comments?post=12855"}],"wp:featuredmedia":[{"embeddable":true,"href":"https:\/\/www.barc.sk\/farmacia\/wp-json\/wp\/v2\/media\/12383"}],"wp:attachment":[{"href":"https:\/\/www.barc.sk\/farmacia\/wp-json\/wp\/v2\/media?parent=12855"}],"wp:term":[{"taxonomy":"product_brand","embeddable":true,"href":"https:\/\/www.barc.sk\/farmacia\/wp-json\/wp\/v2\/product_brand?post=12855"},{"taxonomy":"product_cat","embeddable":true,"href":"https:\/\/www.barc.sk\/farmacia\/wp-json\/wp\/v2\/product_cat?post=12855"},{"taxonomy":"product_tag","embeddable":true,"href":"https:\/\/www.barc.sk\/farmacia\/wp-json\/wp\/v2\/product_tag?post=12855"}],"curies":[{"name":"wp","href":"https:\/\/api.w.org\/{rel}","templated":true}]}}