{"id":13042,"date":"2024-11-09T22:22:17","date_gmt":"2024-11-09T21:22:17","guid":{"rendered":"https:\/\/www.barc.sk\/farmacia\/apt\/yes-lashes\/"},"modified":"2024-11-16T16:59:41","modified_gmt":"2024-11-16T15:59:41","slug":"yes-lashes","status":"publish","type":"product","link":"https:\/\/www.barc.sk\/farmacia\/apt\/yes-lashes\/","title":{"rendered":"YES lashes"},"content":{"rendered":"\n<h2 class=\"wp-block-heading\">\u010co s\u00fa riasy YES a ako funguj\u00fa?<\/h2>\n\n\n\n<p>YES lashes je ob\u013e\u00faben\u00fd <b>kondicion\u00e9r na riasy<\/b>, ktor\u00e9ho \u00fa\u010dinok spo\u010d\u00edva v pr\u00edrodn\u00fdch <b>zlo\u017ek\u00e1ch<\/b>. V\u00fdrobok bol vyvinut\u00fd na podporu zdrav\u00e9ho a intenz\u00edvneho rastu rias a jeho zlo\u017eenie obsahuje rastlinn\u00e9 v\u00fd\u0165a\u017eky, ako je v\u00fd\u0165a\u017eok z repky olejnej a moringa. Okrem toho je YES lashes obohaten\u00fd o vitam\u00edny A a E a peptidy, ktor\u00e9 maj\u00fa pozit\u00edvny vplyv na stav rias.<\/p>\n\n\n\n<p><b>\u00da\u010dinok<\/b> YES lashes zah\u0155\u0148a p\u00e4\u0165 k\u013e\u00fa\u010dov\u00fdch aspektov: stimul\u00e1ciu rastu, pred\u013a\u017eenie, zahustenie, posilnenie a ochranu rias. Pravideln\u00e9 <b>pou\u017e\u00edvanie<\/b> kondicion\u00e9ru prispieva k vidite\u013en\u00fdm \u00fa\u010dinkom v kr\u00e1tkom \u010dase, \u010do \u010dasto potvrdzuj\u00fa aj pou\u017e\u00edvatelia. Pribli\u017ene po dvoch t\u00fd\u017ed\u0148och mo\u017eno pozorova\u0165 zlep\u0161enie stavu rias, \u010do rob\u00ed z YES lashes zauj\u00edmav\u00fa alternat\u00edvu pre t\u00fdch, ktor\u00ed h\u013eadaj\u00fa \u00fa\u010dinn\u00fd sp\u00f4sob starostlivosti.<\/p>\n\n\n\n<p>Treba tie\u017e zd\u00f4razni\u0165, \u017ee YES lashes sa od ostatn\u00fdch produktov dostupn\u00fdch na trhu odli\u0161uje v\u010faka pr\u00edrodn\u00fdm zlo\u017ek\u00e1m. V\u010faka tomu zost\u00e1va riziko ved\u013eaj\u0161\u00edch \u00fa\u010dinkov minim\u00e1lne. Ako pri ka\u017edom kondicion\u00e9ri na riasy sa v\u0161ak odpor\u00fa\u010da dodr\u017eiava\u0165 n\u00e1vod na pou\u017eitie, aby sa dosiahli \u010do najlep\u0161ie v\u00fdsledky.<\/p>\n\n\n\n<h2 class=\"wp-block-heading\">\u00c1NO riasy &#8211; \u00fa\u010dinky<\/h2>\n\n\n\n<p>Pou\u017e\u00edvatelia v\u00fdrobku YES lashes zaznamenali v\u00fdrazn\u00e9 <em>\u00fa\u010dinky<\/em> na vzh\u013ead svojich rias. Pravideln\u00e9 <b>pou\u017e\u00edvanie<\/b> s\u00e9ra vedie k skr\u00e1\u0161leniu rias a mnoh\u00e9 \u017eeny zd\u00f4raz\u0148uj\u00fa, \u017ee po nieko\u013ek\u00fdch t\u00fd\u017ed\u0148och doch\u00e1dza k vidite\u013en\u00e9mu n\u00e1rastu d\u013a\u017eky, hr\u00fabky a objemu rias. V \u0161t\u00fadii 100 % \u00fa\u010dastn\u00edkov uviedlo vidite\u013en\u00e9 pred\u013a\u017eenie rias po troch t\u00fd\u017ed\u0148och pou\u017e\u00edvania s\u00e9ra.<\/p>\n\n\n\n<p><b>Sp\u00e4tn\u00e1 v\u00e4zba na<\/b> riasy YES sa neobmedzuje len na samotn\u00e9 pred\u013a\u017eenie. Pou\u017e\u00edvatelia zd\u00f4raz\u0148uj\u00fa, \u017ee ich riasy sa stali odolnej\u0161ie vo\u010di po\u0161kodeniu a z\u00edskali kr\u00e1sny lesk. Pou\u017e\u00edvate\u013eky tohto v\u00fdrobku uv\u00e1dzaj\u00fa aj v\u00fdrazn\u00e9 zv\u00e4\u010d\u0161enie objemu svojich rias, ktor\u00e9 v niektor\u00fdch pr\u00edpadoch dosahuje a\u017e dvojn\u00e1sobok p\u00f4vodn\u00e9ho objemu.<\/p>\n\n\n\n<p>Doplnok mo\u017eno kombinova\u0165 s inou kozmetikou na riasy a odpor\u00fa\u010daj\u00fa ho dermatol\u00f3govia a odborn\u00edci v oblasti kozmetiky. Pou\u017e\u00edvatelia by mali s\u00e9rum aplikova\u0165 raz denne, najlep\u0161ie ve\u010der, aby dosiahli optim\u00e1lne v\u00fdsledky. Pravideln\u00e9 pou\u017e\u00edvanie ur\u010dite prin\u00e1\u0161a pozit\u00edvne v\u00fdsledky, \u010do potvrdzuj\u00fa po\u010detn\u00e9 <b>recenzie<\/b>.<\/p>\n\n\n\n<p><b>\u00da\u010dinky<\/b> pou\u017e\u00edvania YES lashes ukazuj\u00fa, \u017ee pr\u00edpravok je \u00fa\u010dinn\u00fd a prin\u00e1\u0161a vysn\u00edvan\u00e9 v\u00fdsledky, ktor\u00e9 pote\u0161ia nov\u00fdch aj dlhodob\u00fdch pou\u017e\u00edvate\u013eov.<\/p>\n\n\n\n<h2 class=\"wp-block-heading\">Ako pou\u017e\u00edva\u0165 YES lashes &#8211; n\u00e1vod na pou\u017eitie a d\u00e1vkovanie<\/h2>\n\n\n\n<p><b>Aplik\u00e1cia<\/b> YES lashes je jednoduch\u00e1 a intuit\u00edvna, v\u010faka \u010domu sa mnoh\u00e9 \u017eeny rozhodn\u00fa pre tento produkt na zlep\u0161enie vzh\u013eadu svojich rias. S\u00e9rum sa odpor\u00fa\u010da <b>d\u00e1vkova\u0165<\/b> raz denne, najlep\u0161ie ve\u010der, na o\u010disten\u00fa poko\u017eku o\u010dn\u00fdch vie\u010dok pozd\u013a\u017e l\u00ednie horn\u00fdch rias. Je ve\u013emi d\u00f4le\u017eit\u00e9 <em>vyhn\u00fa\u0165 sa kontaktu s o\u010dami<\/em> a nepou\u017e\u00edva\u0165 v\u00fdrobok na l\u00edniu doln\u00fdch rias. Pravideln\u00e9 pou\u017e\u00edvanie po dobu minim\u00e1lne 8 t\u00fd\u017ed\u0148ov prin\u00e1\u0161a optim\u00e1lne v\u00fdsledky, ktor\u00e9 oce\u0148uj\u00fa pou\u017e\u00edvatelia aj odborn\u00edci.<\/p>\n\n\n\n<p><b>N\u00e1vod na<\/b> pou\u017e\u00edvanie YES lashes by mal obsahova\u0165 nasleduj\u00face kroky:<\/p>\n\n\n\n<ol class=\"wp-block-list\">\n<li>D\u00f4kladn\u00e9 o\u010distenie poko\u017eky o\u010dn\u00fdch vie\u010dok od make-upu a in\u00fdch ne\u010dist\u00f4t.<\/li>\n\n\n\n<li>Nanesenie s\u00e9ra na l\u00edniu horn\u00fdch rias, najlep\u0161ie pomocou prilo\u017een\u00e9ho aplik\u00e1tora.<\/li>\n\n\n\n<li>Zabr\u00e1nenie kontaktu s o\u010dami a pr\u00edpadn\u00e9 umytie zvy\u0161kov s\u00e9ra.<\/li>\n\n\n\n<li>Pravideln\u00e9 pou\u017e\u00edvanie s\u00e9ra po dobu najmenej 8 t\u00fd\u017ed\u0148ov, aby boli vidite\u013en\u00e9 v\u00fdsledky.<\/li>\n<\/ol>\n\n\n\n<p>Je mimoriadne d\u00f4le\u017eit\u00e9 dodr\u017eiava\u0165 op\u00edsan\u00e9 pokyny na aplik\u00e1ciu, aby sa predi\u0161lo mo\u017en\u00e9mu podr\u00e1\u017edeniu. Ak sa vyskytn\u00fa ak\u00e9ko\u013evek ne\u017eiaduce reakcie, preru\u0161te pou\u017e\u00edvanie a pora\u010fte sa so svoj\u00edm lek\u00e1rom.<\/p>\n\n\n\n<p>YES lashes je ide\u00e1lnym rie\u0161en\u00edm pre t\u00fdch, ktor\u00ed sa chc\u00fa stara\u0165 o stav svojich rias a zlep\u0161i\u0165 ich vzh\u013ead. Pou\u017e\u00edvanie tohto v\u00fdrobku zaru\u010duje spokojnos\u0165 a vidite\u013en\u00e9 v\u00fdsledky, ktor\u00e9 mo\u017eno spozorova\u0165 u\u017e po nieko\u013ek\u00fdch t\u00fd\u017ed\u0148och pravidelnej aplik\u00e1cie.<\/p>\n\n\n\n<h2 class=\"wp-block-heading\">Sk\u00fasenosti a n\u00e1zory pou\u017e\u00edvate\u013eov na YES lashes &#8211; ak\u00e9 s\u00fa recenzie?<\/h2>\n\n\n\n<p><b>Recenzie na<\/b> YES lashes s\u00fa v drvivej v\u00e4\u010d\u0161ine pozit\u00edvne. Pou\u017e\u00edvatelia sa radi delia o svoje <em>sk\u00fasenosti<\/em> a \u010dasto zd\u00f4raz\u0148uj\u00fa v\u00fdrazn\u00e9 zlep\u0161enie stavu svojich rias. Ni\u017e\u0161ie uv\u00e1dzame niektor\u00e9 z podrobn\u00fdch recenzi\u00ed, ktor\u00e9 potvrdzuj\u00fa \u00fa\u010dinnos\u0165 tohto v\u00fdrobku.<\/p>\n\n\n\n<blockquote class=\"wp-block-quote is-layout-flow wp-block-quote-is-layout-flow\">\n<p><em>Alicja (32 rokov, Pozna\u0148, Po\u013esko<\/em>): &#8222;Rozhodla som sa pou\u017e\u00edva\u0165 YES lashes na odpor\u00fa\u010danie kamar\u00e1tky. U\u017e po dvoch t\u00fd\u017ed\u0148och som zaznamenala v\u00fdrazn\u00e9 zlep\u0161enie! Moje riasy sa pred\u013a\u017eili a zosilnili. Je \u00fa\u017easn\u00e9, \u017ee u\u017e nemus\u00edm pou\u017e\u00edva\u0165 umel\u00e9 riasy. V\u00fdrobok funguje tak, ako som s\u013e\u00fabila!&#8220;<\/p>\n<\/blockquote>\n\n\n\n<blockquote class=\"wp-block-quote is-layout-flow wp-block-quote-is-layout-flow\">\n<p><em>Karolina (38 rokov, Vroclav<\/em>): &#8222;YES lashes je zjavenie! Nikdy predt\u00fdm moje riasy nevyzerali tak dobre. Pri pravidelnom pou\u017e\u00edvan\u00ed s\u00e9ra som si v\u0161imla, \u017ee moje riasy s\u00fa nielen dlh\u0161ie, ale aj pln\u0161ie. Odpor\u00fa\u010dam ho ka\u017ed\u00e9mu, kto sn\u00edva o kr\u00e1snych riasach!&#8220;<\/p>\n<\/blockquote>\n\n\n\n<blockquote class=\"wp-block-quote is-layout-flow wp-block-quote-is-layout-flow\">\n<p><em>Marta (27 rokov)<\/em>: &#8222;Riasy po pou\u017e\u00edvan\u00ed s\u00e9ra YES lashes s\u00fa silnej\u0161ie a hustej\u0161ie. Zv\u00fd\u0161ilo sa mi sebavedomie nato\u013eko, \u017ee m\u00f4\u017eem vyjs\u0165 z domu bez make-upu. Toto s\u00e9rum sa stalo neoddelite\u013enou s\u00fa\u010das\u0165ou mojej ka\u017edodennej starostlivosti o ple\u0165!&#8220;<\/p>\n<\/blockquote>\n\n\n\n<p>\u00daspech YES lashes je zalo\u017een\u00fd na d\u00f4vere vybudovanej na z\u00e1klade pozit\u00edvnych <em>sk\u00fasenost\u00ed<\/em> pou\u017e\u00edvate\u013eov a ich nad\u0161en\u00fdch <em>ohlasov<\/em>.<\/p>\n\n\n\n<h2 class=\"wp-block-heading\">Zlo\u017eenie YES lashes &#8211; \u010do obsahuje?<\/h2>\n\n\n\n<p><b>Zlo\u017eenie<\/b> s\u00e9ra YES lashes obsahuje starostlivo vybran\u00fd s\u00fabor \u00fa\u010dinn\u00fdch l\u00e1tok, ktor\u00e9 podporuj\u00fa rast a zdravie rias. Ka\u017ed\u00e1 z t\u00fdchto zlo\u017eiek m\u00e1 svoje jedine\u010dn\u00e9 vlastnosti, ktor\u00e9 prispievaj\u00fa k \u00fa\u010dinnosti v\u00fdrobku.<\/p>\n\n\n\n<ul class=\"wp-block-list\">\n<li>V\u00fd\u0165a\u017eok z rias &#8211; stimuluje rast rias, v\u010faka \u010domu s\u00fa dlh\u0161ie a hustej\u0161ie.<\/li>\n\n\n\n<li>V\u00fd\u0165a\u017eok z moringy &#8211; hydratuje a vy\u017eivuje, \u010d\u00edm prospieva celkov\u00e9mu stavu rias.<\/li>\n\n\n\n<li>Vitam\u00edny A a E &#8211; podporuj\u00fa rast rias a dod\u00e1vaj\u00fa im pru\u017enos\u0165, \u010d\u00edm zabra\u0148uj\u00fa ich l\u00e1maniu.<\/li>\n\n\n\n<li>Peptidy &#8211; posil\u0148uj\u00fa \u0161trukt\u00faru ch\u013apkov rias, \u010d\u00edm zvy\u0161uj\u00fa ich \u017eivotnos\u0165.<\/li>\n<\/ul>\n\n\n\n<p>V\u00fdrobok YES lashes neobsahuje parab\u00e9ny, umel\u00e9 farbiv\u00e1 ani ftal\u00e1ty, tak\u017ee je bezpe\u010dnou vo\u013ebou najm\u00e4 pre osoby s citlivou poko\u017ekou. V\u010faka tomu maj\u00fa <b>zlo\u017eky<\/b> \u0161ancu \u00fa\u010dinne p\u00f4sobi\u0165 a pou\u017e\u00edvatelia sa m\u00f4\u017eu te\u0161i\u0165 z pekn\u00fdch a zdrav\u00fdch rias.<\/p>\n\n\n\n<p>Pou\u017e\u00edvatelia si v\u0161imli pozit\u00edvne \u00fa\u010dinky pou\u017e\u00edvania tohto v\u00fdrobku a v\u010faka absencii kontraindik\u00e1ci\u00ed a ved\u013eaj\u0161\u00edch \u00fa\u010dinkov je YES lashes ob\u013e\u00fabenou vo\u013ebou medzi t\u00fdmi, ktor\u00ed sa staraj\u00fa o svoje riasy.<\/p>\n\n\n\n<h2 class=\"wp-block-heading\">Kde k\u00fapi\u0165 a ak\u00e1 je cena YES lashes?<\/h2>\n\n\n\n<p>YES lashes je v\u00fdrobok, ktor\u00fd je mo\u017en\u00e9 zak\u00fapi\u0165 <em>len na ofici\u00e1lnej webovej str\u00e1nke v\u00fdrobcu<\/em>. Tento sp\u00f4sob n\u00e1kupu zaru\u010duje pr\u00edstup k autentick\u00e9mu v\u00fdrobku, \u010do je mimoriadne d\u00f4le\u017eit\u00e9 z h\u013eadiska kvality. V\u00fdberom <em>ofici\u00e1lneho v\u00fdrobcu<\/em> si z\u00e1kazn\u00edci m\u00f4\u017eu by\u0165 ist\u00ed, \u017ee si vyberaj\u00fa origin\u00e1lny v\u00fdrobok, a tie\u017e m\u00f4\u017eu vyu\u017e\u00edva\u0165 exkluz\u00edvne z\u013eavy a z\u00e1ruku spokojnosti.<\/p>\n\n\n\n<p><strong>Cena<\/strong> rias YES z\u00e1vis\u00ed od aktu\u00e1lnych akci\u00ed. V\u00fdrobca pravidelne pon\u00faka zauj\u00edmav\u00e9 z\u013eavy pre svojich z\u00e1kazn\u00edkov, preto sa oplat\u00ed sledova\u0165 ponuky na webovej str\u00e1nke. V\u00fdrobok nie je dostupn\u00fd v stacion\u00e1rnych lek\u00e1r\u0148ach ani na platform\u00e1ch elektronick\u00e9ho obchodu. Z\u00e1kazn\u00edci, ktor\u00ed si chc\u00fa by\u0165 ist\u00ed, <em>kde si<\/em> tento jedine\u010dn\u00fd v\u00fdrobok <em>k\u00fapi\u0165,<\/em> by mali bez v\u00e1hania nav\u0161t\u00edvi\u0165 ofici\u00e1lne webov\u00e9 str\u00e1nky.<\/p>\n\n\n\n<p>Nezabudnite, \u017ee YES lashes pon\u00faka \u00fa\u010dinn\u00fa starostlivos\u0165 o riasy, posilnenie rias a ur\u00fdchlenie rastu. Pou\u017e\u00edvan\u00edm tohto v\u00fdrobku maj\u00fa z\u00e1kazn\u00edci istotu vysokej kvality a bezpe\u010dnosti. Preto sa odpor\u00fa\u010da vybra\u0165 si len ofici\u00e1lny n\u00e1kupn\u00fd kan\u00e1l, aby ste si mohli vychutna\u0165 v\u00fdsledky, ktor\u00e9 YES lashes poskytuje.<\/p>\n\n\n\n<h2 class=\"wp-block-heading\">YES lashes &#8211; ved\u013eaj\u0161ie \u00fa\u010dinky a kontraindik\u00e1cie &#8211; bezpe\u010dnos\u0165 pou\u017e\u00edvania<\/h2>\n\n\n\n<p>Ke\u010f\u017ee YES lashes obsahuje starostlivo vybran\u00e9 <b>zlo\u017eky<\/b>, v\u00e4\u010d\u0161ina pou\u017e\u00edvate\u013eov po\u010das pou\u017e\u00edvania nepoci\u0165uje ved\u013eaj\u0161ie \u00fa\u010dinky. Ako pri ka\u017edej kozmetike sa v\u0161ak m\u00f4\u017eu vyskytn\u00fa\u0165 <strong>alergick\u00e9 reakcie<\/strong> u \u013eud\u00ed, ktor\u00ed s\u00fa na zlo\u017eky obzvl\u00e1\u0161\u0165 citliv\u00ed. Pred pou\u017eit\u00edm sa preto odpor\u00fa\u010da vykona\u0165 n\u00e1plas\u0165ov\u00fd test na pos\u00fadenie reakcie poko\u017eky.<\/p>\n\n\n\n<p>V\u00fdrobca neuv\u00e1dza \u017eiadne z\u00e1va\u017en\u00e9 <strong>kontraindik\u00e1cie<\/strong>, ale \u013eudia s citliv\u00fdmi o\u010dami by mali by\u0165 opatrn\u00ed, aby sa vyhli mo\u017en\u00e9mu podr\u00e1\u017edeniu. Okrem toho je dobr\u00e9 si pred pou\u017eit\u00edm pozorne pre\u010d\u00edta\u0165 pr\u00edbalov\u00fd let\u00e1k a dodr\u017eiava\u0165 prilo\u017een\u00e9 pokyny, aby sa zabezpe\u010dila <strong>bezpe\u010dn\u00e1<\/strong> aplik\u00e1cia.<\/p>\n\n\n\n<p>YES lashes bol navrhnut\u00fd tak, aby bol vhodn\u00fd pre nosite\u013eov kontaktn\u00fdch \u0161o\u0161oviek a nesp\u00f4soboval nadmern\u00fa stratu rias. V\u00fdberom pr\u00edrodn\u00fdch pr\u00edpravkov na \u00fapravu rias sa m\u00f4\u017eete vyhn\u00fa\u0165 rizik\u00e1m spojen\u00fdm s pr\u00edpravkami obsahuj\u00facimi bimatoprost, ktor\u00e9 m\u00f4\u017eu vies\u0165 k z\u00e1va\u017enej\u0161\u00edm <strong>ved\u013eaj\u0161\u00edm \u00fa\u010dinkom<\/strong>. YES lashes sa tak st\u00e1va bezpe\u010dnou vo\u013ebou pre mnoh\u00fdch \u013eud\u00ed, ktor\u00ed sa chc\u00fa postara\u0165 o zdravie svojich rias a obo\u010dia.<\/p>\n","protected":false},"excerpt":{"rendered":"<p><strong>[date_countdown]<\/strong><\/p>\n<p><img decoding=\"async\" class=\"alignnone wp-image-13063\" src=\"https:\/\/www.barc.sk\/farmacia\/wp-content\/uploads\/2024\/11\/SAFE-PAY-300x88-1.png\" alt=\"SAFE-PAY-300x88\" width=\"232\" height=\"68\" \/><\/p>\n","protected":false},"featured_media":12319,"comment_status":"open","ping_status":"closed","template":"","meta":{"neve_meta_sidebar":"","neve_meta_container":"","neve_meta_enable_content_width":"","neve_meta_content_width":0,"neve_meta_title_alignment":"","neve_meta_author_avatar":"","neve_post_elements_order":"","neve_meta_disable_header":"","neve_meta_disable_footer":"","neve_meta_disable_title":"","neve_meta_reading_time":""},"product_brand":[],"product_cat":[578],"product_tag":[],"class_list":{"0":"post-13042","1":"product","2":"type-product","3":"status-publish","4":"has-post-thumbnail","6":"product_cat-krasa","8":"first","9":"instock","10":"sale","11":"shipping-taxable","12":"product-type-external"},"yoast_head":"<!-- This site is optimized with the Yoast SEO plugin v27.4 - https:\/\/yoast.com\/product\/yoast-seo-wordpress\/ -->\n<title>YES lashes - Recenzie, F\u00f3rum, Lek\u00e1re\u0148, Cena, \u00da\u010dinky | -50%<\/title>\n<meta name=\"robots\" content=\"index, follow, max-snippet:-1, max-image-preview:large, max-video-preview:-1\" \/>\n<link rel=\"canonical\" href=\"https:\/\/www.barc.sk\/farmacia\/apt\/yes-lashes\/\" \/>\n<meta property=\"og:locale\" content=\"sk_SK\" \/>\n<meta property=\"og:type\" content=\"article\" \/>\n<meta property=\"og:title\" content=\"YES lashes - Recenzie, F\u00f3rum, Lek\u00e1re\u0148, Cena, \u00da\u010dinky | -50%\" \/>\n<meta property=\"og:url\" content=\"https:\/\/www.barc.sk\/farmacia\/apt\/yes-lashes\/\" \/>\n<meta property=\"og:site_name\" content=\"Barc\" \/>\n<meta property=\"article:modified_time\" content=\"2024-11-16T15:59:41+00:00\" \/>\n<meta property=\"og:image\" content=\"https:\/\/www.barc.sk\/farmacia\/wp-content\/uploads\/2024\/11\/YES-lashes.jpg\" \/>\n\t<meta property=\"og:image:width\" content=\"768\" \/>\n\t<meta property=\"og:image:height\" content=\"768\" \/>\n\t<meta property=\"og:image:type\" content=\"image\/jpeg\" \/>\n<meta name=\"twitter:card\" content=\"summary_large_image\" \/>\n<meta name=\"twitter:description\" content=\"[date_countdown]\" \/>\n<meta name=\"twitter:label1\" content=\"Predpokladan\u00fd \u010das \u010d\u00edtania\" \/>\n\t<meta name=\"twitter:data1\" content=\"6 min\u00fat\" \/>\n<script type=\"application\/ld+json\" class=\"yoast-schema-graph\">{\"@context\":\"https:\\\/\\\/schema.org\",\"@graph\":[{\"@type\":\"WebPage\",\"@id\":\"https:\\\/\\\/www.barc.sk\\\/farmacia\\\/apt\\\/yes-lashes\\\/\",\"url\":\"https:\\\/\\\/www.barc.sk\\\/farmacia\\\/apt\\\/yes-lashes\\\/\",\"name\":\"YES lashes - Recenzie, F\u00f3rum, Lek\u00e1re\u0148, Cena, \u00da\u010dinky | -50%\",\"isPartOf\":{\"@id\":\"https:\\\/\\\/www.barc.sk\\\/farmacia\\\/#website\"},\"primaryImageOfPage\":{\"@id\":\"https:\\\/\\\/www.barc.sk\\\/farmacia\\\/apt\\\/yes-lashes\\\/#primaryimage\"},\"image\":{\"@id\":\"https:\\\/\\\/www.barc.sk\\\/farmacia\\\/apt\\\/yes-lashes\\\/#primaryimage\"},\"thumbnailUrl\":\"https:\\\/\\\/www.barc.sk\\\/farmacia\\\/wp-content\\\/uploads\\\/2024\\\/11\\\/YES-lashes.jpg\",\"datePublished\":\"2024-11-09T21:22:17+00:00\",\"dateModified\":\"2024-11-16T15:59:41+00:00\",\"breadcrumb\":{\"@id\":\"https:\\\/\\\/www.barc.sk\\\/farmacia\\\/apt\\\/yes-lashes\\\/#breadcrumb\"},\"inLanguage\":\"sk-SK\",\"potentialAction\":[{\"@type\":\"ReadAction\",\"target\":[\"https:\\\/\\\/www.barc.sk\\\/farmacia\\\/apt\\\/yes-lashes\\\/\"]}]},{\"@type\":\"ImageObject\",\"inLanguage\":\"sk-SK\",\"@id\":\"https:\\\/\\\/www.barc.sk\\\/farmacia\\\/apt\\\/yes-lashes\\\/#primaryimage\",\"url\":\"https:\\\/\\\/www.barc.sk\\\/farmacia\\\/wp-content\\\/uploads\\\/2024\\\/11\\\/YES-lashes.jpg\",\"contentUrl\":\"https:\\\/\\\/www.barc.sk\\\/farmacia\\\/wp-content\\\/uploads\\\/2024\\\/11\\\/YES-lashes.jpg\",\"width\":768,\"height\":768},{\"@type\":\"BreadcrumbList\",\"@id\":\"https:\\\/\\\/www.barc.sk\\\/farmacia\\\/apt\\\/yes-lashes\\\/#breadcrumb\",\"itemListElement\":[{\"@type\":\"ListItem\",\"position\":1,\"name\":\"Strona g\u0142\u00f3wna\",\"item\":\"https:\\\/\\\/www.barc.sk\\\/farmacia\\\/\"},{\"@type\":\"ListItem\",\"position\":2,\"name\":\"Produkte\",\"item\":\"https:\\\/\\\/www.barc.sk\\\/farmacia\\\/\"},{\"@type\":\"ListItem\",\"position\":3,\"name\":\"YES lashes\"}]},{\"@type\":\"WebSite\",\"@id\":\"https:\\\/\\\/www.barc.sk\\\/farmacia\\\/#website\",\"url\":\"https:\\\/\\\/www.barc.sk\\\/farmacia\\\/\",\"name\":\"Barc\",\"description\":\"\",\"potentialAction\":[{\"@type\":\"SearchAction\",\"target\":{\"@type\":\"EntryPoint\",\"urlTemplate\":\"https:\\\/\\\/www.barc.sk\\\/farmacia\\\/?s={search_term_string}\"},\"query-input\":{\"@type\":\"PropertyValueSpecification\",\"valueRequired\":true,\"valueName\":\"search_term_string\"}}],\"inLanguage\":\"sk-SK\"}]}<\/script>\n<!-- \/ Yoast SEO plugin. -->","yoast_head_json":{"title":"YES lashes - Recenzie, F\u00f3rum, Lek\u00e1re\u0148, Cena, \u00da\u010dinky | -50%","robots":{"index":"index","follow":"follow","max-snippet":"max-snippet:-1","max-image-preview":"max-image-preview:large","max-video-preview":"max-video-preview:-1"},"canonical":"https:\/\/www.barc.sk\/farmacia\/apt\/yes-lashes\/","og_locale":"sk_SK","og_type":"article","og_title":"YES lashes - Recenzie, F\u00f3rum, Lek\u00e1re\u0148, Cena, \u00da\u010dinky | -50%","og_url":"https:\/\/www.barc.sk\/farmacia\/apt\/yes-lashes\/","og_site_name":"Barc","article_modified_time":"2024-11-16T15:59:41+00:00","og_image":[{"width":768,"height":768,"url":"https:\/\/www.barc.sk\/farmacia\/wp-content\/uploads\/2024\/11\/YES-lashes.jpg","type":"image\/jpeg"}],"twitter_card":"summary_large_image","twitter_description":"[date_countdown]","twitter_misc":{"Predpokladan\u00fd \u010das \u010d\u00edtania":"6 min\u00fat"},"schema":{"@context":"https:\/\/schema.org","@graph":[{"@type":"WebPage","@id":"https:\/\/www.barc.sk\/farmacia\/apt\/yes-lashes\/","url":"https:\/\/www.barc.sk\/farmacia\/apt\/yes-lashes\/","name":"YES lashes - Recenzie, F\u00f3rum, Lek\u00e1re\u0148, Cena, \u00da\u010dinky | -50%","isPartOf":{"@id":"https:\/\/www.barc.sk\/farmacia\/#website"},"primaryImageOfPage":{"@id":"https:\/\/www.barc.sk\/farmacia\/apt\/yes-lashes\/#primaryimage"},"image":{"@id":"https:\/\/www.barc.sk\/farmacia\/apt\/yes-lashes\/#primaryimage"},"thumbnailUrl":"https:\/\/www.barc.sk\/farmacia\/wp-content\/uploads\/2024\/11\/YES-lashes.jpg","datePublished":"2024-11-09T21:22:17+00:00","dateModified":"2024-11-16T15:59:41+00:00","breadcrumb":{"@id":"https:\/\/www.barc.sk\/farmacia\/apt\/yes-lashes\/#breadcrumb"},"inLanguage":"sk-SK","potentialAction":[{"@type":"ReadAction","target":["https:\/\/www.barc.sk\/farmacia\/apt\/yes-lashes\/"]}]},{"@type":"ImageObject","inLanguage":"sk-SK","@id":"https:\/\/www.barc.sk\/farmacia\/apt\/yes-lashes\/#primaryimage","url":"https:\/\/www.barc.sk\/farmacia\/wp-content\/uploads\/2024\/11\/YES-lashes.jpg","contentUrl":"https:\/\/www.barc.sk\/farmacia\/wp-content\/uploads\/2024\/11\/YES-lashes.jpg","width":768,"height":768},{"@type":"BreadcrumbList","@id":"https:\/\/www.barc.sk\/farmacia\/apt\/yes-lashes\/#breadcrumb","itemListElement":[{"@type":"ListItem","position":1,"name":"Strona g\u0142\u00f3wna","item":"https:\/\/www.barc.sk\/farmacia\/"},{"@type":"ListItem","position":2,"name":"Produkte","item":"https:\/\/www.barc.sk\/farmacia\/"},{"@type":"ListItem","position":3,"name":"YES lashes"}]},{"@type":"WebSite","@id":"https:\/\/www.barc.sk\/farmacia\/#website","url":"https:\/\/www.barc.sk\/farmacia\/","name":"Barc","description":"","potentialAction":[{"@type":"SearchAction","target":{"@type":"EntryPoint","urlTemplate":"https:\/\/www.barc.sk\/farmacia\/?s={search_term_string}"},"query-input":{"@type":"PropertyValueSpecification","valueRequired":true,"valueName":"search_term_string"}}],"inLanguage":"sk-SK"}]}},"_links":{"self":[{"href":"https:\/\/www.barc.sk\/farmacia\/wp-json\/wp\/v2\/product\/13042","targetHints":{"allow":["GET"]}}],"collection":[{"href":"https:\/\/www.barc.sk\/farmacia\/wp-json\/wp\/v2\/product"}],"about":[{"href":"https:\/\/www.barc.sk\/farmacia\/wp-json\/wp\/v2\/types\/product"}],"replies":[{"embeddable":true,"href":"https:\/\/www.barc.sk\/farmacia\/wp-json\/wp\/v2\/comments?post=13042"}],"wp:featuredmedia":[{"embeddable":true,"href":"https:\/\/www.barc.sk\/farmacia\/wp-json\/wp\/v2\/media\/12319"}],"wp:attachment":[{"href":"https:\/\/www.barc.sk\/farmacia\/wp-json\/wp\/v2\/media?parent=13042"}],"wp:term":[{"taxonomy":"product_brand","embeddable":true,"href":"https:\/\/www.barc.sk\/farmacia\/wp-json\/wp\/v2\/product_brand?post=13042"},{"taxonomy":"product_cat","embeddable":true,"href":"https:\/\/www.barc.sk\/farmacia\/wp-json\/wp\/v2\/product_cat?post=13042"},{"taxonomy":"product_tag","embeddable":true,"href":"https:\/\/www.barc.sk\/farmacia\/wp-json\/wp\/v2\/product_tag?post=13042"}],"curies":[{"name":"wp","href":"https:\/\/api.w.org\/{rel}","templated":true}]}}